{"id":2,"date":"2024-01-11T14:21:37","date_gmt":"2024-01-11T14:21:37","guid":{"rendered":"https:\/\/transhumanistes.ci\/?page_id=2"},"modified":"2024-01-17T08:01:00","modified_gmt":"2024-01-17T08:01:00","slug":"presentation-societe-ivoirienne-transhunanisme","status":"publish","type":"page","link":"https:\/\/transhumanistes.ci\/index.php\/presentation-societe-ivoirienne-transhunanisme\/","title":{"rendered":"Pr\u00e9sentation"},"content":{"rendered":"\n<ul class=\"wp-block-list\">\n<li>Nous vulgarisons, au plan national, les \u00e9volutions du projet transhumaniste, tout en incitant \u00e0 la posture critique quant \u00e0 ses implications ;&nbsp;<\/li>\n<\/ul>\n\n\n\n<ul class=\"wp-block-list\" start=\"2\">\n<li>Nous sommes un observatoire bio\u00e9thique et un p\u00f4le heuristique en lien avec l\u2019ensemble des th\u00e9matiques relevant du projet NBIC, afin d\u2019\u00eatre utiles aux d\u00e9cideurs publics et sensibiliser les citoyens sur le bon usage de la technologie.&nbsp;<\/li>\n<\/ul>\n\n\n\n<ul class=\"wp-block-list\" start=\"3\">\n<li>Nous sommes, pour la C\u00f4te d\u2019Ivoire, l\u2019interlocuteur des structures transhumanistes \u00e0 l\u2019\u00e9chelle mondiale.<\/li>\n<\/ul>\n\n\n\n<p><strong><mark style=\"background-color:rgba(0, 0, 0, 0)\" class=\"has-inline-color has-vivid-cyan-blue-color\"> Form\u00e9e d\u2019une cinquantaine d\u2019Universitaires de plusieurs disciplines, <strong><mark style=\"background-color:rgba(0, 0, 0, 0)\" class=\"has-inline-color has-vivid-cyan-blue-color\">nous sommes une soci\u00e9t\u00e9 scientifique<\/mark><\/strong> ouverte \u00e0 toute personne int\u00e9ress\u00e9e par la probl\u00e9matique transhumaniste, coopt\u00e9e et admise par notre congr\u00e8s.<\/mark><\/strong><\/p>\n\n\n\n<figure class=\"wp-block-table\"><table><tbody><tr><td><strong>Nom<\/strong><\/td><td><strong>Pr\u00e9noms<\/strong><\/td><td><strong>Statut<\/strong><\/td><td><strong>Poste <\/strong><\/td><\/tr><tr><td><strong>GUEBO<\/strong><\/td><td>Josu\u00e9 Yoroba<\/td><td>Epist\u00e9mologue<\/td><td><strong>Pr\u00e9sident<\/strong><\/td><\/tr><tr><td><strong>BROU<\/strong><\/td><td>K\u00e9ss\u00e9 Antoine<\/td><td>M\u00e9decin<\/td><td><strong>1<sup>er<\/sup> Vice-Pr\u00e9sident<\/strong><\/td><\/tr><tr><td><strong>DELI<\/strong><\/td><td>Yanka Isabelle Jos\u00e9e Carine<\/td><td>Pharmacienne<\/td><td><strong>2<sup>e<\/sup> Vice-Pr\u00e9sident<\/strong><\/td><\/tr><tr><td><strong>AKA<\/strong><\/td><td>Pancrace<\/td><td>Epist\u00e9mologue<\/td><td><strong>3<sup>e<\/sup> Vice-Pr\u00e9sident<\/strong><\/td><\/tr><tr><td><strong>KOUADIO<\/strong><\/td><td>Franck<\/td><td>M\u00e9taphysicien, Esth\u00e8te et Ethicien<\/td><td><strong>Secr\u00e9taire G\u00e9n\u00e9ral<\/strong><\/td><\/tr><tr><td><strong>SIB<\/strong><\/td><td>Si\u00e9 Mathieu<\/td><td>M\u00e9taphysicien, Esth\u00e8te et Ethicien<\/td><td><strong>Secr\u00e9taire G\u00e9n\u00e9ral Adjoint<\/strong><\/td><\/tr><tr><td><strong>DELY<\/strong><\/td><td>Guy Franck C\u00e9dric<\/td><td>Doctorant<\/td><td><strong>Tr\u00e9sorier G\u00e9n\u00e9ral<\/strong><\/td><\/tr><\/tbody><\/table><\/figure>\n","protected":false},"excerpt":{"rendered":"<p>Form\u00e9e d\u2019une cinquantaine d\u2019Universitaires de plusieurs disciplines, nous sommes une soci\u00e9t\u00e9 scientifique ouverte \u00e0 toute personne int\u00e9ress\u00e9e par la probl\u00e9matique transhumaniste, coopt\u00e9e et admise par [&#8230;]<\/p>\n","protected":false},"author":2,"featured_media":86,"parent":0,"menu_order":0,"comment_status":"closed","ping_status":"closed","template":"","meta":{"footnotes":""},"class_list":["post-2","page","type-page","status-publish","has-post-thumbnail","hentry"],"yoast_head":"<!-- This site is optimized with the Yoast SEO plugin v27.4 - https:\/\/yoast.com\/product\/yoast-seo-wordpress\/ -->\n<title>Pr\u00e9sentation - SOCI\u00c9T\u00c9 IVOIRIENNE DE TRANSHUMANISME<\/title>\n<meta name=\"robots\" content=\"index, follow, max-snippet:-1, max-image-preview:large, max-video-preview:-1\" \/>\n<link rel=\"canonical\" href=\"https:\/\/transhumanistes.ci\/index.php\/presentation-societe-ivoirienne-transhunanisme\/\" \/>\n<meta property=\"og:locale\" content=\"fr_FR\" \/>\n<meta property=\"og:type\" content=\"article\" \/>\n<meta property=\"og:title\" content=\"Pr\u00e9sentation - SOCI\u00c9T\u00c9 IVOIRIENNE DE TRANSHUMANISME\" \/>\n<meta property=\"og:description\" content=\"Form\u00e9e d\u2019une cinquantaine d\u2019Universitaires de plusieurs disciplines, nous sommes une soci\u00e9t\u00e9 scientifique ouverte \u00e0 toute personne int\u00e9ress\u00e9e par la probl\u00e9matique transhumaniste, coopt\u00e9e et admise par [...]\" \/>\n<meta property=\"og:url\" content=\"https:\/\/transhumanistes.ci\/index.php\/presentation-societe-ivoirienne-transhunanisme\/\" \/>\n<meta property=\"og:site_name\" content=\"SOCI\u00c9T\u00c9 IVOIRIENNE DE TRANSHUMANISME\" \/>\n<meta property=\"article:modified_time\" content=\"2024-01-17T08:01:00+00:00\" \/>\n<meta property=\"og:image\" content=\"https:\/\/transhumanistes.ci\/wp-content\/uploads\/2024\/01\/cropped-fcb05ad9-cd5d-440d-967c-5e198b233abc.jpg\" \/>\n\t<meta property=\"og:image:width\" content=\"948\" \/>\n\t<meta property=\"og:image:height\" content=\"704\" \/>\n\t<meta property=\"og:image:type\" content=\"image\/jpeg\" \/>\n<meta name=\"twitter:card\" content=\"summary_large_image\" \/>\n<meta name=\"twitter:label1\" content=\"Dur\u00e9e de lecture estim\u00e9e\" \/>\n\t<meta name=\"twitter:data1\" content=\"1 minute\" \/>\n<script type=\"application\/ld+json\" class=\"yoast-schema-graph\">{\"@context\":\"https:\\\/\\\/schema.org\",\"@graph\":[{\"@type\":\"WebPage\",\"@id\":\"https:\\\/\\\/transhumanistes.ci\\\/index.php\\\/presentation-societe-ivoirienne-transhunanisme\\\/\",\"url\":\"https:\\\/\\\/transhumanistes.ci\\\/index.php\\\/presentation-societe-ivoirienne-transhunanisme\\\/\",\"name\":\"Pr\u00e9sentation - SOCI\u00c9T\u00c9 IVOIRIENNE DE TRANSHUMANISME\",\"isPartOf\":{\"@id\":\"https:\\\/\\\/transhumanistes.ci\\\/#website\"},\"primaryImageOfPage\":{\"@id\":\"https:\\\/\\\/transhumanistes.ci\\\/index.php\\\/presentation-societe-ivoirienne-transhunanisme\\\/#primaryimage\"},\"image\":{\"@id\":\"https:\\\/\\\/transhumanistes.ci\\\/index.php\\\/presentation-societe-ivoirienne-transhunanisme\\\/#primaryimage\"},\"thumbnailUrl\":\"https:\\\/\\\/transhumanistes.ci\\\/wp-content\\\/uploads\\\/2024\\\/01\\\/cropped-fcb05ad9-cd5d-440d-967c-5e198b233abc.jpg\",\"datePublished\":\"2024-01-11T14:21:37+00:00\",\"dateModified\":\"2024-01-17T08:01:00+00:00\",\"breadcrumb\":{\"@id\":\"https:\\\/\\\/transhumanistes.ci\\\/index.php\\\/presentation-societe-ivoirienne-transhunanisme\\\/#breadcrumb\"},\"inLanguage\":\"fr-FR\",\"potentialAction\":[{\"@type\":\"ReadAction\",\"target\":[\"https:\\\/\\\/transhumanistes.ci\\\/index.php\\\/presentation-societe-ivoirienne-transhunanisme\\\/\"]}]},{\"@type\":\"ImageObject\",\"inLanguage\":\"fr-FR\",\"@id\":\"https:\\\/\\\/transhumanistes.ci\\\/index.php\\\/presentation-societe-ivoirienne-transhunanisme\\\/#primaryimage\",\"url\":\"https:\\\/\\\/transhumanistes.ci\\\/wp-content\\\/uploads\\\/2024\\\/01\\\/cropped-fcb05ad9-cd5d-440d-967c-5e198b233abc.jpg\",\"contentUrl\":\"https:\\\/\\\/transhumanistes.ci\\\/wp-content\\\/uploads\\\/2024\\\/01\\\/cropped-fcb05ad9-cd5d-440d-967c-5e198b233abc.jpg\",\"width\":948,\"height\":704},{\"@type\":\"BreadcrumbList\",\"@id\":\"https:\\\/\\\/transhumanistes.ci\\\/index.php\\\/presentation-societe-ivoirienne-transhunanisme\\\/#breadcrumb\",\"itemListElement\":[{\"@type\":\"ListItem\",\"position\":1,\"name\":\"Accueil\",\"item\":\"https:\\\/\\\/transhumanistes.ci\\\/\"},{\"@type\":\"ListItem\",\"position\":2,\"name\":\"Pr\u00e9sentation\"}]},{\"@type\":\"WebSite\",\"@id\":\"https:\\\/\\\/transhumanistes.ci\\\/#website\",\"url\":\"https:\\\/\\\/transhumanistes.ci\\\/\",\"name\":\"Transhumanistes\",\"description\":\"Pour une humanit\u00e9 bio\u00e9galitariste\",\"potentialAction\":[{\"@type\":\"SearchAction\",\"target\":{\"@type\":\"EntryPoint\",\"urlTemplate\":\"https:\\\/\\\/transhumanistes.ci\\\/?s={search_term_string}\"},\"query-input\":{\"@type\":\"PropertyValueSpecification\",\"valueRequired\":true,\"valueName\":\"search_term_string\"}}],\"inLanguage\":\"fr-FR\"}]}<\/script>\n<!-- \/ Yoast SEO plugin. -->","yoast_head_json":{"title":"Pr\u00e9sentation - SOCI\u00c9T\u00c9 IVOIRIENNE DE TRANSHUMANISME","robots":{"index":"index","follow":"follow","max-snippet":"max-snippet:-1","max-image-preview":"max-image-preview:large","max-video-preview":"max-video-preview:-1"},"canonical":"https:\/\/transhumanistes.ci\/index.php\/presentation-societe-ivoirienne-transhunanisme\/","og_locale":"fr_FR","og_type":"article","og_title":"Pr\u00e9sentation - SOCI\u00c9T\u00c9 IVOIRIENNE DE TRANSHUMANISME","og_description":"Form\u00e9e d\u2019une cinquantaine d\u2019Universitaires de plusieurs disciplines, nous sommes une soci\u00e9t\u00e9 scientifique ouverte \u00e0 toute personne int\u00e9ress\u00e9e par la probl\u00e9matique transhumaniste, coopt\u00e9e et admise par [...]","og_url":"https:\/\/transhumanistes.ci\/index.php\/presentation-societe-ivoirienne-transhunanisme\/","og_site_name":"SOCI\u00c9T\u00c9 IVOIRIENNE DE TRANSHUMANISME","article_modified_time":"2024-01-17T08:01:00+00:00","og_image":[{"width":948,"height":704,"url":"https:\/\/transhumanistes.ci\/wp-content\/uploads\/2024\/01\/cropped-fcb05ad9-cd5d-440d-967c-5e198b233abc.jpg","type":"image\/jpeg"}],"twitter_card":"summary_large_image","twitter_misc":{"Dur\u00e9e de lecture estim\u00e9e":"1 minute"},"schema":{"@context":"https:\/\/schema.org","@graph":[{"@type":"WebPage","@id":"https:\/\/transhumanistes.ci\/index.php\/presentation-societe-ivoirienne-transhunanisme\/","url":"https:\/\/transhumanistes.ci\/index.php\/presentation-societe-ivoirienne-transhunanisme\/","name":"Pr\u00e9sentation - SOCI\u00c9T\u00c9 IVOIRIENNE DE TRANSHUMANISME","isPartOf":{"@id":"https:\/\/transhumanistes.ci\/#website"},"primaryImageOfPage":{"@id":"https:\/\/transhumanistes.ci\/index.php\/presentation-societe-ivoirienne-transhunanisme\/#primaryimage"},"image":{"@id":"https:\/\/transhumanistes.ci\/index.php\/presentation-societe-ivoirienne-transhunanisme\/#primaryimage"},"thumbnailUrl":"https:\/\/transhumanistes.ci\/wp-content\/uploads\/2024\/01\/cropped-fcb05ad9-cd5d-440d-967c-5e198b233abc.jpg","datePublished":"2024-01-11T14:21:37+00:00","dateModified":"2024-01-17T08:01:00+00:00","breadcrumb":{"@id":"https:\/\/transhumanistes.ci\/index.php\/presentation-societe-ivoirienne-transhunanisme\/#breadcrumb"},"inLanguage":"fr-FR","potentialAction":[{"@type":"ReadAction","target":["https:\/\/transhumanistes.ci\/index.php\/presentation-societe-ivoirienne-transhunanisme\/"]}]},{"@type":"ImageObject","inLanguage":"fr-FR","@id":"https:\/\/transhumanistes.ci\/index.php\/presentation-societe-ivoirienne-transhunanisme\/#primaryimage","url":"https:\/\/transhumanistes.ci\/wp-content\/uploads\/2024\/01\/cropped-fcb05ad9-cd5d-440d-967c-5e198b233abc.jpg","contentUrl":"https:\/\/transhumanistes.ci\/wp-content\/uploads\/2024\/01\/cropped-fcb05ad9-cd5d-440d-967c-5e198b233abc.jpg","width":948,"height":704},{"@type":"BreadcrumbList","@id":"https:\/\/transhumanistes.ci\/index.php\/presentation-societe-ivoirienne-transhunanisme\/#breadcrumb","itemListElement":[{"@type":"ListItem","position":1,"name":"Accueil","item":"https:\/\/transhumanistes.ci\/"},{"@type":"ListItem","position":2,"name":"Pr\u00e9sentation"}]},{"@type":"WebSite","@id":"https:\/\/transhumanistes.ci\/#website","url":"https:\/\/transhumanistes.ci\/","name":"Transhumanistes","description":"Pour une humanit\u00e9 bio\u00e9galitariste","potentialAction":[{"@type":"SearchAction","target":{"@type":"EntryPoint","urlTemplate":"https:\/\/transhumanistes.ci\/?s={search_term_string}"},"query-input":{"@type":"PropertyValueSpecification","valueRequired":true,"valueName":"search_term_string"}}],"inLanguage":"fr-FR"}]}},"_links":{"self":[{"href":"https:\/\/transhumanistes.ci\/index.php\/wp-json\/wp\/v2\/pages\/2","targetHints":{"allow":["GET"]}}],"collection":[{"href":"https:\/\/transhumanistes.ci\/index.php\/wp-json\/wp\/v2\/pages"}],"about":[{"href":"https:\/\/transhumanistes.ci\/index.php\/wp-json\/wp\/v2\/types\/page"}],"author":[{"embeddable":true,"href":"https:\/\/transhumanistes.ci\/index.php\/wp-json\/wp\/v2\/users\/2"}],"replies":[{"embeddable":true,"href":"https:\/\/transhumanistes.ci\/index.php\/wp-json\/wp\/v2\/comments?post=2"}],"version-history":[{"count":7,"href":"https:\/\/transhumanistes.ci\/index.php\/wp-json\/wp\/v2\/pages\/2\/revisions"}],"predecessor-version":[{"id":198,"href":"https:\/\/transhumanistes.ci\/index.php\/wp-json\/wp\/v2\/pages\/2\/revisions\/198"}],"wp:featuredmedia":[{"embeddable":true,"href":"https:\/\/transhumanistes.ci\/index.php\/wp-json\/wp\/v2\/media\/86"}],"wp:attachment":[{"href":"https:\/\/transhumanistes.ci\/index.php\/wp-json\/wp\/v2\/media?parent=2"}],"curies":[{"name":"wp","href":"https:\/\/api.w.org\/{rel}","templated":true}]}}